{"id":3974,"date":"2023-11-06T21:37:27","date_gmt":"2023-11-06T21:37:27","guid":{"rendered":"https:\/\/sindicatouniversitarioscged.cl\/servisold\/?post_type=product&#038;p=3974"},"modified":"2023-11-06T21:38:29","modified_gmt":"2023-11-06T21:38:29","slug":"soldadora-esab-200-amperes-220-voltaje","status":"publish","type":"product","link":"https:\/\/servisoldhermanos.cl\/index.php\/producto\/soldadora-esab-200-amperes-220-voltaje\/","title":{"rendered":"SOLDADORA ESAB 200 AMPERES \u2013 220 VOLTAJE"},"content":{"rendered":"<h3>Caracter\u00edsticas<\/h3>\n<p>La\u00a0<strong>soldadora ESAB<\/strong>\u00a0est\u00e1 lista para ser utilizada en cualquier tipo de trabajo, sea en el campo, en el taller o en la f\u00e1brica, y al igual que todos los equipos de ESAB, siguen estrictos est\u00e1ndares de calidad y normas que rigen en todo el mundo.<\/p>\n<h3>Ventajas<\/h3>\n<ul>\n<li>Fuente de alimentaci\u00f3n monof\u00e1sica de 220V<\/li>\n<li>Se sugiere enchufe de 16 Amperes. (no incluido)<\/li>\n<li>Panel con pantalla digital de potente brillo y botones f\u00e1ciles de usar, incluso con guantes de soldar.<\/li>\n<li>Fabricada con los est\u00e1ndares de calidad m\u00e1s rigurosos a nivel mundial.<\/li>\n<li>Excelente soldabilidad con todos los tipos de electrodos de hasta 4mm.<\/li>\n<li>Manija ergon\u00f3mica y resistente.<\/li>\n<li>Excelente estabilidad de arco en todas las posiciones y un encendido suave.<\/li>\n<li>Soldadura TIG con tecnolog\u00eda LiftArc.<\/li>\n<li>Tecnolog\u00eda HotStart que facilita la apertura del arco el\u00e9ctrico y evita que el electrodo se adhiera a la pieza de trabajo.<\/li>\n<li>ArcForce, su ajuste autom\u00e1tico mantiene la estabilidad del arco durante la soldadura.<\/li>\n<\/ul>\n<h3>Especificaciones<\/h3>\n<ul>\n<li><strong>Modelo:<\/strong>\u00a0LHN 242I<\/li>\n<li><strong>Voltaje:<\/strong>\u00a0220V<\/li>\n<li><strong>Potencia:<\/strong>\u00a05.5kW<\/li>\n<li><strong>Amperaje m\u00ednimo:<\/strong>\u00a010A<\/li>\n<li><strong>Amperaje m\u00e1ximo:<\/strong>\u00a0200A<\/li>\n<li><strong>Tipo de soldadora:<\/strong>\u00a0Inversora<\/li>\n<li><strong>fases el\u00e9ctricas:<\/strong>\u00a0Monof\u00e1sica<\/li>\n<li><strong>Peso:<\/strong>\u00a08,9kg<\/li>\n<\/ul>\n","protected":false},"excerpt":{"rendered":"<p>Caracter\u00edsticas La\u00a0soldadora ESAB\u00a0est\u00e1 lista para ser utilizada en cualquier tipo de trabajo, sea en el campo, en el taller o en la f\u00e1brica, y al igual que todos los equipos de ESAB, siguen estrictos est\u00e1ndares de calidad y normas que rigen en todo el mundo. Ventajas Fuente de alimentaci\u00f3n monof\u00e1sica de 220V Se sugiere enchufe&#8230;<\/p>\n","protected":false},"featured_media":3975,"template":"","meta":[],"product_cat":[22],"product_tag":[49],"class_list":["post-3974","product","type-product","status-publish","has-post-thumbnail","hentry","product_cat-arriendo","product_tag-soldadora-esab-200-amperes-220-voltaje"],"acf":[],"_links":{"self":[{"href":"https:\/\/servisoldhermanos.cl\/index.php\/wp-json\/wp\/v2\/product\/3974","targetHints":{"allow":["GET"]}}],"collection":[{"href":"https:\/\/servisoldhermanos.cl\/index.php\/wp-json\/wp\/v2\/product"}],"about":[{"href":"https:\/\/servisoldhermanos.cl\/index.php\/wp-json\/wp\/v2\/types\/product"}],"wp:featuredmedia":[{"embeddable":true,"href":"https:\/\/servisoldhermanos.cl\/index.php\/wp-json\/wp\/v2\/media\/3975"}],"wp:attachment":[{"href":"https:\/\/servisoldhermanos.cl\/index.php\/wp-json\/wp\/v2\/media?parent=3974"}],"wp:term":[{"taxonomy":"product_cat","embeddable":true,"href":"https:\/\/servisoldhermanos.cl\/index.php\/wp-json\/wp\/v2\/product_cat?post=3974"},{"taxonomy":"product_tag","embeddable":true,"href":"https:\/\/servisoldhermanos.cl\/index.php\/wp-json\/wp\/v2\/product_tag?post=3974"}],"curies":[{"name":"wp","href":"https:\/\/api.w.org\/{rel}","templated":true}]}}