{"id":3928,"date":"2023-11-06T21:08:17","date_gmt":"2023-11-06T21:08:17","guid":{"rendered":"https:\/\/sindicatouniversitarioscged.cl\/servisold\/?post_type=product&#038;p=3928"},"modified":"2023-11-06T21:10:04","modified_gmt":"2023-11-06T21:10:04","slug":"proceso-m-y-h-invert-flash-170-arriendo","status":"publish","type":"product","link":"https:\/\/servisoldhermanos.cl\/index.php\/producto\/proceso-m-y-h-invert-flash-170-arriendo\/","title":{"rendered":"PROCESO M Y H INVERT FLASH -170 ARRIENDO"},"content":{"rendered":"<p>&nbsp;<\/p>\n<table border=\"1\" cellpadding=\"1\">\n<tbody>\n<tr>\n<td colspan=\"2\" width=\"293\"><strong>PROCESO M Y H INVERT FLASH -170<\/strong><\/td>\n<\/tr>\n<tr>\n<td width=\"293\">Caracter\u00edsticas T\u00e9cnicas<\/td>\n<td width=\"265\"><\/td>\n<\/tr>\n<tr>\n<td width=\"293\">Alimentaci\u00f3n<\/td>\n<td width=\"265\">220 Volts, 50Hz<\/td>\n<\/tr>\n<tr>\n<td width=\"293\">Corriente<\/td>\n<td width=\"265\">Continua CC<\/td>\n<\/tr>\n<tr>\n<td width=\"293\">Consumo corriente nominal<\/td>\n<td width=\"265\">16<\/td>\n<\/tr>\n<tr>\n<td width=\"293\">Protecci\u00f3n T\u00e9rmica<\/td>\n<td width=\"265\">si<\/td>\n<\/tr>\n<tr>\n<td width=\"293\">Autoventilada<\/td>\n<td width=\"265\">si<\/td>\n<\/tr>\n<tr>\n<td width=\"293\">Luz piloto<\/td>\n<td width=\"265\">si<\/td>\n<\/tr>\n<tr>\n<td width=\"293\">Ciclo de trabajo<\/td>\n<td width=\"265\">170A-30%CC\/120A-60%CC\/93A-100%CC<\/td>\n<\/tr>\n<tr>\n<td width=\"293\">Rango de corriente Amp<\/td>\n<td width=\"265\">10-170CC<\/td>\n<\/tr>\n<tr>\n<td width=\"293\">Voltaje en vac\u00edo (V)<\/td>\n<td width=\"265\">80<\/td>\n<\/tr>\n<tr>\n<td width=\"293\">Peso (Kg)<\/td>\n<td width=\"265\">9<\/td>\n<\/tr>\n<tr>\n<td colspan=\"2\" width=\"558\">Inversora port\u00e1til, liviana y f\u00e1cil de usar, bajo consumo de corriente el\u00e9ctrica, cuenta con un dispositivo de protecci\u00f3n en caso de sobrecalentamiento \u00f3 sobrecorriente. Incluye cable de soldar, prensa toma tierra, portaelectrodo y conectores. Se recomienda su uso con electrodos celul\u00f3sicos, con bajo contenido hidr\u00f3geno, fierro fundido y acero inoxidable<\/td>\n<\/tr>\n<\/tbody>\n<\/table>\n","protected":false},"excerpt":{"rendered":"<p>&nbsp; PROCESO M Y H INVERT FLASH -170 Caracter\u00edsticas T\u00e9cnicas Alimentaci\u00f3n 220 Volts, 50Hz Corriente Continua CC Consumo corriente nominal 16 Protecci\u00f3n T\u00e9rmica si Autoventilada si Luz piloto si Ciclo de trabajo 170A-30%CC\/120A-60%CC\/93A-100%CC Rango de corriente Amp 10-170CC Voltaje en vac\u00edo (V) 80 Peso (Kg) 9 Inversora port\u00e1til, liviana y f\u00e1cil de usar, bajo consumo&#8230;<\/p>\n","protected":false},"featured_media":3929,"template":"","meta":[],"product_cat":[22],"product_tag":[26],"class_list":["post-3928","product","type-product","status-publish","has-post-thumbnail","hentry","product_cat-arriendo","product_tag-proceso-m-y-h-invert-flash-170-arriendo"],"acf":[],"_links":{"self":[{"href":"https:\/\/servisoldhermanos.cl\/index.php\/wp-json\/wp\/v2\/product\/3928","targetHints":{"allow":["GET"]}}],"collection":[{"href":"https:\/\/servisoldhermanos.cl\/index.php\/wp-json\/wp\/v2\/product"}],"about":[{"href":"https:\/\/servisoldhermanos.cl\/index.php\/wp-json\/wp\/v2\/types\/product"}],"wp:featuredmedia":[{"embeddable":true,"href":"https:\/\/servisoldhermanos.cl\/index.php\/wp-json\/wp\/v2\/media\/3929"}],"wp:attachment":[{"href":"https:\/\/servisoldhermanos.cl\/index.php\/wp-json\/wp\/v2\/media?parent=3928"}],"wp:term":[{"taxonomy":"product_cat","embeddable":true,"href":"https:\/\/servisoldhermanos.cl\/index.php\/wp-json\/wp\/v2\/product_cat?post=3928"},{"taxonomy":"product_tag","embeddable":true,"href":"https:\/\/servisoldhermanos.cl\/index.php\/wp-json\/wp\/v2\/product_tag?post=3928"}],"curies":[{"name":"wp","href":"https:\/\/api.w.org\/{rel}","templated":true}]}}