{"id":3926,"date":"2023-11-06T21:06:26","date_gmt":"2023-11-06T21:06:26","guid":{"rendered":"https:\/\/sindicatouniversitarioscged.cl\/servisold\/?post_type=product&#038;p=3926"},"modified":"2023-11-06T21:07:28","modified_gmt":"2023-11-06T21:07:28","slug":"motosoldadora-diesel-arriendo","status":"publish","type":"product","link":"https:\/\/servisoldhermanos.cl\/index.php\/producto\/motosoldadora-diesel-arriendo\/","title":{"rendered":"MOTOSOLDADORA DIESEL ARRIENDO"},"content":{"rendered":"<p>&nbsp;<\/p>\n<table border=\"1\" cellpadding=\"1\">\n<tbody>\n<tr>\n<td width=\"207\"><strong>MOTOSOLDADORA DIESEL<\/strong><\/td>\n<td><strong>GENERADOR<\/strong><\/td>\n<\/tr>\n<tr>\n<td width=\"207\">Potencia trif\u00e1sica primaria<\/td>\n<td width=\"245\">20 KVA 400 V<\/td>\n<\/tr>\n<tr>\n<td width=\"207\">Potencia monof\u00e1sica<\/td>\n<td width=\"245\">10 KVA 230 V<\/td>\n<\/tr>\n<tr>\n<td width=\"207\">Frecuencia<\/td>\n<td width=\"245\">50 HZ<\/td>\n<\/tr>\n<tr>\n<td width=\"207\">Ciclo de trabajo a 60%<\/td>\n<td width=\"245\">500 A \u2013 40 V<\/td>\n<\/tr>\n<tr>\n<td width=\"207\">Ciclo de trabajo 100%<\/td>\n<td width=\"245\">400 A \u2013 36 V<\/td>\n<\/tr>\n<tr>\n<td width=\"207\">Corriente de soldadura<\/td>\n<td width=\"245\">30 A \u2013 500 A<\/td>\n<\/tr>\n<tr>\n<td width=\"207\">Tensi\u00f3n en vac\u00edo<\/td>\n<td width=\"245\">70 V<\/td>\n<\/tr>\n<tr>\n<td width=\"207\">Di\u00e1metro electrodo<\/td>\n<td width=\"245\">10 mm<\/td>\n<\/tr>\n<tr>\n<td colspan=\"2\"><strong>Especificaciones del motor<\/strong><\/td>\n<\/tr>\n<tr>\n<td width=\"207\">Marce \u2013 Tipo motor<\/td>\n<td width=\"245\">Deutz F3L 912<\/td>\n<\/tr>\n<tr>\n<td width=\"207\">N\u00famero de cilindros<\/td>\n<td width=\"245\">3<\/td>\n<\/tr>\n<tr>\n<td width=\"207\">Cilindrada<\/td>\n<td width=\"245\">2829 cm3<\/td>\n<\/tr>\n<tr>\n<td width=\"207\">Potencia<\/td>\n<td width=\"245\">35 HP<\/td>\n<\/tr>\n<tr>\n<td width=\"207\">Velocidad del motor<\/td>\n<td width=\"245\">1500 rpm<\/td>\n<\/tr>\n<tr>\n<td width=\"207\">Refrigeraci\u00f3n<\/td>\n<td width=\"245\">Aire<\/td>\n<\/tr>\n<tr>\n<td width=\"207\">Combustible<\/td>\n<td width=\"245\">Diesel<\/td>\n<\/tr>\n<tr>\n<td width=\"207\">Capacidad aceite carter<\/td>\n<td width=\"245\">8 Lts<\/td>\n<\/tr>\n<tr>\n<td width=\"207\">Sistema de Arranque<\/td>\n<td width=\"245\">El\u00e9ctrico<\/td>\n<\/tr>\n<tr>\n<td width=\"207\">Bater\u00eda<\/td>\n<td width=\"245\">88 Ah \u2013 12 V<\/td>\n<\/tr>\n<tr>\n<td width=\"207\">Capacidad estanque del combustible<\/td>\n<td width=\"245\">70 L<\/td>\n<\/tr>\n<tr>\n<td width=\"207\">Rango de carga por horas @ 75%<\/td>\n<td width=\"245\">70 L<\/td>\n<\/tr>\n<tr>\n<td width=\"207\">Dimensiones (mm)<\/td>\n<td width=\"245\">1540x795x115<\/td>\n<\/tr>\n<tr>\n<td width=\"207\">Peso<\/td>\n<td width=\"245\">920 Kg<\/td>\n<\/tr>\n<tr>\n<td width=\"207\">Botones de emergencia<\/td>\n<td width=\"245\">Incluye<\/td>\n<\/tr>\n<\/tbody>\n<\/table>\n<p>&nbsp;<\/p>\n","protected":false},"excerpt":{"rendered":"<p>&nbsp; MOTOSOLDADORA DIESEL GENERADOR Potencia trif\u00e1sica primaria 20 KVA 400 V Potencia monof\u00e1sica 10 KVA 230 V Frecuencia 50 HZ Ciclo de trabajo a 60% 500 A \u2013 40 V Ciclo de trabajo 100% 400 A \u2013 36 V Corriente de soldadura 30 A \u2013 500 A Tensi\u00f3n en vac\u00edo 70 V Di\u00e1metro electrodo 10&#8230;<\/p>\n","protected":false},"featured_media":3927,"template":"","meta":[],"product_cat":[22],"product_tag":[25],"class_list":["post-3926","product","type-product","status-publish","has-post-thumbnail","hentry","product_cat-arriendo","product_tag-motosoldadora-diesel-arriendo"],"acf":[],"_links":{"self":[{"href":"https:\/\/servisoldhermanos.cl\/index.php\/wp-json\/wp\/v2\/product\/3926","targetHints":{"allow":["GET"]}}],"collection":[{"href":"https:\/\/servisoldhermanos.cl\/index.php\/wp-json\/wp\/v2\/product"}],"about":[{"href":"https:\/\/servisoldhermanos.cl\/index.php\/wp-json\/wp\/v2\/types\/product"}],"wp:featuredmedia":[{"embeddable":true,"href":"https:\/\/servisoldhermanos.cl\/index.php\/wp-json\/wp\/v2\/media\/3927"}],"wp:attachment":[{"href":"https:\/\/servisoldhermanos.cl\/index.php\/wp-json\/wp\/v2\/media?parent=3926"}],"wp:term":[{"taxonomy":"product_cat","embeddable":true,"href":"https:\/\/servisoldhermanos.cl\/index.php\/wp-json\/wp\/v2\/product_cat?post=3926"},{"taxonomy":"product_tag","embeddable":true,"href":"https:\/\/servisoldhermanos.cl\/index.php\/wp-json\/wp\/v2\/product_tag?post=3926"}],"curies":[{"name":"wp","href":"https:\/\/api.w.org\/{rel}","templated":true}]}}