{"id":3896,"date":"2023-11-03T01:12:38","date_gmt":"2023-11-03T01:12:38","guid":{"rendered":"https:\/\/sindicatouniversitarioscged.cl\/servisold\/?post_type=product&#038;p=3896"},"modified":"2023-11-03T01:12:38","modified_gmt":"2023-11-03T01:12:38","slug":"maquinas-electronca-mega-mig-400d-arriendo","status":"publish","type":"product","link":"https:\/\/servisoldhermanos.cl\/index.php\/producto\/maquinas-electronca-mega-mig-400d-arriendo\/","title":{"rendered":"MAQUINAS ELECTRONCA MEGA MIG 400D ARRIENDO"},"content":{"rendered":"<table id=\"tablaproducto\" border=\"1\" cellpadding=\"1\">\n<tbody>\n<tr>\n<td colspan=\"2\"><strong>MAQUINAS ELECTRONCA MEGA MIG 400D<\/strong><\/td>\n<\/tr>\n<tr>\n<td>Alimentaci\u00f3n<\/td>\n<td>380 Volt<\/td>\n<\/tr>\n<tr>\n<td>Corriente<\/td>\n<td>Continua CD<\/td>\n<\/tr>\n<tr>\n<td>Consumo corriente nominal<\/td>\n<td>48<\/td>\n<\/tr>\n<tr>\n<td>Protecci\u00f3n T\u00e9rmica<\/td>\n<td>Si<\/td>\n<\/tr>\n<tr>\n<td>Autoventilada<\/td>\n<td>Si<\/td>\n<\/tr>\n<tr>\n<td>Luz piloto<\/td>\n<td>Si<\/td>\n<\/tr>\n<tr>\n<td>Ciclo de trabajo<\/td>\n<td>400A -35%CC \/ 305A -60%CC<\/td>\n<\/tr>\n<tr>\n<td>Rango de corriente Amp<\/td>\n<td>30 \u2013 400A CC<\/td>\n<\/tr>\n<tr>\n<td>Voltaje en vac\u00edo (V)<\/td>\n<td>418 \u2013 47<\/td>\n<\/tr>\n<tr>\n<td>Peso (Kg)<\/td>\n<td>130<\/td>\n<\/tr>\n<\/tbody>\n<\/table>\n","protected":false},"excerpt":{"rendered":"<p>MAQUINAS ELECTRONCA MEGA MIG 400D Alimentaci\u00f3n 380 Volt Corriente Continua CD Consumo corriente nominal 48 Protecci\u00f3n T\u00e9rmica Si Autoventilada Si Luz piloto Si Ciclo de trabajo 400A -35%CC \/ 305A -60%CC Rango de corriente Amp 30 \u2013 400A CC Voltaje en vac\u00edo (V) 418 \u2013 47 Peso (Kg) 130<\/p>\n","protected":false},"featured_media":3897,"template":"","meta":[],"product_cat":[22],"product_tag":[],"class_list":["post-3896","product","type-product","status-publish","has-post-thumbnail","hentry","product_cat-arriendo"],"acf":[],"_links":{"self":[{"href":"https:\/\/servisoldhermanos.cl\/index.php\/wp-json\/wp\/v2\/product\/3896","targetHints":{"allow":["GET"]}}],"collection":[{"href":"https:\/\/servisoldhermanos.cl\/index.php\/wp-json\/wp\/v2\/product"}],"about":[{"href":"https:\/\/servisoldhermanos.cl\/index.php\/wp-json\/wp\/v2\/types\/product"}],"wp:featuredmedia":[{"embeddable":true,"href":"https:\/\/servisoldhermanos.cl\/index.php\/wp-json\/wp\/v2\/media\/3897"}],"wp:attachment":[{"href":"https:\/\/servisoldhermanos.cl\/index.php\/wp-json\/wp\/v2\/media?parent=3896"}],"wp:term":[{"taxonomy":"product_cat","embeddable":true,"href":"https:\/\/servisoldhermanos.cl\/index.php\/wp-json\/wp\/v2\/product_cat?post=3896"},{"taxonomy":"product_tag","embeddable":true,"href":"https:\/\/servisoldhermanos.cl\/index.php\/wp-json\/wp\/v2\/product_tag?post=3896"}],"curies":[{"name":"wp","href":"https:\/\/api.w.org\/{rel}","templated":true}]}}