{"id":3890,"date":"2023-11-03T01:01:57","date_gmt":"2023-11-03T01:01:57","guid":{"rendered":"https:\/\/sindicatouniversitarioscged.cl\/servisold\/?post_type=product&#038;p=3890"},"modified":"2023-11-03T01:01:58","modified_gmt":"2023-11-03T01:01:58","slug":"maquina-proceso-arco-manual-mma-arriendo","status":"publish","type":"product","link":"https:\/\/servisoldhermanos.cl\/index.php\/producto\/maquina-proceso-arco-manual-mma-arriendo\/","title":{"rendered":"MAQUINA PROCESO ARCO MANUAL MMA ARRIENDO"},"content":{"rendered":"<table id=\"tablaproducto\" border=\"1\" cellpadding=\"1\">\n<tbody>\n<tr>\n<td colspan=\"3\"><strong>MAQUINA PROCESO ARCO MANUAL MMA<\/strong><\/td>\n<\/tr>\n<tr>\n<td>Marca<\/td>\n<td>SUMIG<\/td>\n<td><\/td>\n<\/tr>\n<tr>\n<td>Modelo<\/td>\n<td>BLACK TIG 200<\/td>\n<td><\/td>\n<\/tr>\n<tr>\n<td>Voltaje alimentaci\u00f3n<\/td>\n<td>220 VAC +- 15%<\/td>\n<td><\/td>\n<\/tr>\n<tr>\n<td>Frecuencia<\/td>\n<td>50\/60 HZ<\/td>\n<td><\/td>\n<\/tr>\n<tr>\n<td>Corriente m\u00e1xima absorbida<\/td>\n<td>33 A (I MAX)<\/td>\n<td><\/td>\n<\/tr>\n<tr>\n<td>Tensi\u00f3n vacio<\/td>\n<td>62 VDC<\/td>\n<td><\/td>\n<\/tr>\n<tr>\n<td>Regulaci\u00f3n corriente<\/td>\n<td>10 A 180 AMP<\/td>\n<td><\/td>\n<\/tr>\n<tr>\n<td>Ciclo trabajo 60%<\/td>\n<td>90 AMP<\/td>\n<td><\/td>\n<\/tr>\n<tr>\n<td>Ciclo trabajo 100%<\/td>\n<td>69,1 AMP<\/td>\n<td><\/td>\n<\/tr>\n<tr>\n<td>Factor potencia<\/td>\n<td>0,93%<\/td>\n<td><\/td>\n<\/tr>\n<tr>\n<td>Peso<\/td>\n<td>4,5 Kg<\/td>\n<\/tr>\n<\/tbody>\n<\/table>\n","protected":false},"excerpt":{"rendered":"<p>MAQUINA PROCESO ARCO MANUAL MMA Marca SUMIG Modelo BLACK TIG 200 Voltaje alimentaci\u00f3n 220 VAC +- 15% Frecuencia 50\/60 HZ Corriente m\u00e1xima absorbida 33 A (I MAX) Tensi\u00f3n vacio 62 VDC Regulaci\u00f3n corriente 10 A 180 AMP Ciclo trabajo 60% 90 AMP Ciclo trabajo 100% 69,1 AMP Factor potencia 0,93% Peso 4,5 Kg<\/p>\n","protected":false},"featured_media":3891,"template":"","meta":[],"product_cat":[22],"product_tag":[],"class_list":["post-3890","product","type-product","status-publish","has-post-thumbnail","hentry","product_cat-arriendo"],"acf":[],"_links":{"self":[{"href":"https:\/\/servisoldhermanos.cl\/index.php\/wp-json\/wp\/v2\/product\/3890","targetHints":{"allow":["GET"]}}],"collection":[{"href":"https:\/\/servisoldhermanos.cl\/index.php\/wp-json\/wp\/v2\/product"}],"about":[{"href":"https:\/\/servisoldhermanos.cl\/index.php\/wp-json\/wp\/v2\/types\/product"}],"wp:featuredmedia":[{"embeddable":true,"href":"https:\/\/servisoldhermanos.cl\/index.php\/wp-json\/wp\/v2\/media\/3891"}],"wp:attachment":[{"href":"https:\/\/servisoldhermanos.cl\/index.php\/wp-json\/wp\/v2\/media?parent=3890"}],"wp:term":[{"taxonomy":"product_cat","embeddable":true,"href":"https:\/\/servisoldhermanos.cl\/index.php\/wp-json\/wp\/v2\/product_cat?post=3890"},{"taxonomy":"product_tag","embeddable":true,"href":"https:\/\/servisoldhermanos.cl\/index.php\/wp-json\/wp\/v2\/product_tag?post=3890"}],"curies":[{"name":"wp","href":"https:\/\/api.w.org\/{rel}","templated":true}]}}