{"id":3886,"date":"2023-11-03T00:56:46","date_gmt":"2023-11-03T00:56:46","guid":{"rendered":"https:\/\/sindicatouniversitarioscged.cl\/servisold\/?post_type=product&#038;p=3886"},"modified":"2023-11-03T00:57:07","modified_gmt":"2023-11-03T00:57:07","slug":"m-h-invertec-220-arriendo","status":"publish","type":"product","link":"https:\/\/servisoldhermanos.cl\/index.php\/producto\/m-h-invertec-220-arriendo\/","title":{"rendered":"M &#038; H INVERTEC 220 ARRIENDO"},"content":{"rendered":"<table id=\"tablaproducto\" border=\"1\" cellpadding=\"1\">\n<tbody>\n<tr>\n<td colspan=\"2\" width=\"572\"><strong>M &amp; H INVERTEC 220<\/strong><\/td>\n<\/tr>\n<tr>\n<td>Alimentaci\u00f3n Monof\u00e1sica<\/td>\n<td>220 VAC +-10%<\/td>\n<\/tr>\n<tr>\n<td>Frecuencia<\/td>\n<td>50\/60<\/td>\n<\/tr>\n<tr>\n<td>Consumo M\u00e1ximo<\/td>\n<td>32 A<\/td>\n<\/tr>\n<tr>\n<td>Tensi\u00f3n en vac\u00edo<\/td>\n<td>64 V<\/td>\n<\/tr>\n<tr>\n<td>Corriente de soldadura<\/td>\n<td>30 A \u2013 170A<\/td>\n<\/tr>\n<tr>\n<td>Ciclo de trabajo a40%<\/td>\n<td>170 A<\/td>\n<\/tr>\n<tr>\n<td>Ciclo de trabajo a 100%(40\u00b0)<\/td>\n<td>125 A<\/td>\n<\/tr>\n<tr>\n<td>Grado de Protecci\u00f3n<\/td>\n<td>IP 21<\/td>\n<\/tr>\n<tr>\n<td>Clase de Aislamiento<br \/>\nPeso Kg<\/td>\n<td>8.<\/td>\n<\/tr>\n<\/tbody>\n<\/table>\n<p>&nbsp;<\/p>\n","protected":false},"excerpt":{"rendered":"<p>M &amp; H INVERTEC 220 Alimentaci\u00f3n Monof\u00e1sica 220 VAC +-10% Frecuencia 50\/60 Consumo M\u00e1ximo 32 A Tensi\u00f3n en vac\u00edo 64 V Corriente de soldadura 30 A \u2013 170A Ciclo de trabajo a40% 170 A Ciclo de trabajo a 100%(40\u00b0) 125 A Grado de Protecci\u00f3n IP 21 Clase de Aislamiento Peso Kg 8. &nbsp;<\/p>\n","protected":false},"featured_media":3887,"template":"","meta":[],"product_cat":[22],"product_tag":[],"class_list":["post-3886","product","type-product","status-publish","has-post-thumbnail","hentry","product_cat-arriendo"],"acf":[],"_links":{"self":[{"href":"https:\/\/servisoldhermanos.cl\/index.php\/wp-json\/wp\/v2\/product\/3886","targetHints":{"allow":["GET"]}}],"collection":[{"href":"https:\/\/servisoldhermanos.cl\/index.php\/wp-json\/wp\/v2\/product"}],"about":[{"href":"https:\/\/servisoldhermanos.cl\/index.php\/wp-json\/wp\/v2\/types\/product"}],"wp:featuredmedia":[{"embeddable":true,"href":"https:\/\/servisoldhermanos.cl\/index.php\/wp-json\/wp\/v2\/media\/3887"}],"wp:attachment":[{"href":"https:\/\/servisoldhermanos.cl\/index.php\/wp-json\/wp\/v2\/media?parent=3886"}],"wp:term":[{"taxonomy":"product_cat","embeddable":true,"href":"https:\/\/servisoldhermanos.cl\/index.php\/wp-json\/wp\/v2\/product_cat?post=3886"},{"taxonomy":"product_tag","embeddable":true,"href":"https:\/\/servisoldhermanos.cl\/index.php\/wp-json\/wp\/v2\/product_tag?post=3886"}],"curies":[{"name":"wp","href":"https:\/\/api.w.org\/{rel}","templated":true}]}}