{"id":3829,"date":"2023-11-02T03:45:04","date_gmt":"2023-11-02T03:45:04","guid":{"rendered":"https:\/\/sindicatouniversitarioscged.cl\/servisold\/index.php\/request-quote\/"},"modified":"2023-11-02T04:27:32","modified_gmt":"2023-11-02T04:27:32","slug":"cotizacion","status":"publish","type":"page","link":"https:\/\/servisoldhermanos.cl\/index.php\/cotizacion\/","title":{"rendered":"Cotizaci\u00f3n"},"content":{"rendered":"\n<div class=\"woocommerce ywraq-wrapper ywraq-empty\">\n\t\t\t<div id=\"yith-ywraq-message\"><div class=\"ywraq-question-message\">\n\t<\/div>\n<\/div>\n\t\t\n\t\t\t\t<div class=\"ywraq-form-table-wrapper wide\">\n\t\t\t<div class=\"ywraq-before-form\">\n<p class=\"ywraq_list_empty_message\">Tu lista est\u00e1 vac\u00eda, a\u00f1ade productos a la lista para enviar una solicitud<p><p class=\"return-to-shop\"><a class=\"button wc-backward\" href=\"https:\/\/sindicatouniversitarioscged.cl\/servisold\/index.php\/arriendo\/\">Volver a cotizar<\/a><\/p><\/div>\n\t\t\t\t\t<\/div>\n\t<\/div>\n\n","protected":false},"excerpt":{"rendered":"Tu lista est\u00e1 vac\u00eda, a\u00f1ade productos a la lista para enviar una solicitudVolver a cotizar","protected":false},"author":2,"featured_media":0,"parent":0,"menu_order":0,"comment_status":"closed","ping_status":"closed","template":"","meta":{"footnotes":""},"class_list":["post-3829","page","type-page","status-publish","hentry"],"acf":[],"_links":{"self":[{"href":"https:\/\/servisoldhermanos.cl\/index.php\/wp-json\/wp\/v2\/pages\/3829","targetHints":{"allow":["GET"]}}],"collection":[{"href":"https:\/\/servisoldhermanos.cl\/index.php\/wp-json\/wp\/v2\/pages"}],"about":[{"href":"https:\/\/servisoldhermanos.cl\/index.php\/wp-json\/wp\/v2\/types\/page"}],"author":[{"embeddable":true,"href":"https:\/\/servisoldhermanos.cl\/index.php\/wp-json\/wp\/v2\/users\/2"}],"replies":[{"embeddable":true,"href":"https:\/\/servisoldhermanos.cl\/index.php\/wp-json\/wp\/v2\/comments?post=3829"}],"version-history":[{"count":1,"href":"https:\/\/servisoldhermanos.cl\/index.php\/wp-json\/wp\/v2\/pages\/3829\/revisions"}],"predecessor-version":[{"id":3837,"href":"https:\/\/servisoldhermanos.cl\/index.php\/wp-json\/wp\/v2\/pages\/3829\/revisions\/3837"}],"wp:attachment":[{"href":"https:\/\/servisoldhermanos.cl\/index.php\/wp-json\/wp\/v2\/media?parent=3829"}],"curies":[{"name":"wp","href":"https:\/\/api.w.org\/{rel}","templated":true}]}}